{"id":3,"date":"2024-03-26T16:10:52","date_gmt":"2024-03-26T16:10:52","guid":{"rendered":"http:\/\/pgadgets.com\/?page_id=3"},"modified":"2024-05-12T15:44:39","modified_gmt":"2024-05-12T15:44:39","slug":"politica-privacidade","status":"publish","type":"page","link":"https:\/\/pgadgets.com\/index.php\/politica-privacidade\/","title":{"rendered":"Termos e Condi\u00e7\u00f5es &amp; Politica de privacidade"},"content":{"rendered":"\n<p>A HISTORIAS E PERSONAGENS UNIP, LDA, adiante designada por ireparacao.com, sedeada em Av Miguel Bombarda 40B, pessoa coletiva n.\u00ba 514933739, respons\u00e1vel por este site (www.pgadgets.com) descreve nesta p\u00e1gina os termos e condi\u00e7\u00f5es de utiliza\u00e7\u00e3o e a informa\u00e7\u00e3o pr\u00e9-contratual relativa aos contratos celebrados \u00e0 dist\u00e2ncia neste site (www.pgadgets.com), a que alude o artigo 4.\u00ba do Decreto-Lei n.\u00ba 24\/2014 de 14 de Fevereiro.<\/p>\n\n\n\n<p>A pgadgets.com reserva-se ao direito de modificar livremente a informa\u00e7\u00e3o pr\u00e9-contratual de modo a adequ\u00e1-la \u00e0 legisla\u00e7\u00e3o aplic\u00e1vel, sem necessidade de qualquer pr\u00e9-aviso.<\/p>\n\n\n\n<h4 class=\"wp-block-heading\"><strong>1. Condi\u00e7\u00f5es de Utiliza\u00e7\u00e3o do Site<\/strong><\/h4>\n\n\n\n<p>Tanto a navega\u00e7\u00e3o por este site como a aquisi\u00e7\u00e3o de qualquer produto ou servi\u00e7o disponibilizado pelo mesmo pressup\u00f5e a aceita\u00e7\u00e3o das presentes informa\u00e7\u00f5es e Condi\u00e7\u00f5es Gerais de Utiliza\u00e7\u00e3o constantes nesta p\u00e1gina. O utilizador compromete-se a utilizar este site em cumprimento com o disposto na legisla\u00e7\u00e3o aplic\u00e1vel, abstendo-se de utilizar o site para atividades contr\u00e1rias \u00e0 lei, \u00e0 moral e bons costumes ou direitos e interesses de terceiros.<\/p>\n\n\n\n<p>Este site pode possuir liga\u00e7\u00e3o a outros sites, os quais poder\u00e3o conter informa\u00e7\u00f5es ou ferramentas \u00fateis para os nossos utilizadores, contundo as presentes Condi\u00e7\u00f5es Gerais n\u00e3o ser\u00e3o aplicadas a esses sites terceiros. Como tal, o utilizador deve informar-se sobre os Termos e Condi\u00e7\u00f5es de Uso do site para o qual foi redirecionado.<\/p>\n\n\n\n<p>A pgadgets.com reserva-se ao direito de modificar unilateralmente e em qualquer momento, sem aviso pr\u00e9vio, a apresenta\u00e7\u00e3o e conte\u00fado deste site, os seus servi\u00e7os e as Condi\u00e7\u00f5es Gerais de Utiliza\u00e7\u00e3o, ressalvando-se os contratos j\u00e1 celebrados e em execu\u00e7\u00e3o. Estas altera\u00e7\u00f5es t\u00eam como finalidade a melhoria cont\u00ednua deste site assim como dos servi\u00e7os oferecidos ao utilizador que caso n\u00e3o concorde com as altera\u00e7\u00f5es efetuadas, poder\u00e1 resolver o contrato.<\/p>\n\n\n\n<p>O conte\u00fado e informa\u00e7\u00e3o criados para apresenta\u00e7\u00e3o neste site \u00e9 propriedade da pgadgets.com, assim a sua utiliza\u00e7\u00e3o, reprodu\u00e7\u00e3o, c\u00f3pia ou divulga\u00e7\u00e3o por outros meios de logotipos, textos, imagens e v\u00eddeos constantes no site est\u00e3o sujeitos \u00e0 sua autoriza\u00e7\u00e3o pr\u00e9via.<\/p>\n\n\n\n<p>A pgadgets.com tem em considera\u00e7\u00e3o a informa\u00e7\u00e3o relativa \u00e0s caracter\u00edsticas essenciais dos produtos mediante descri\u00e7\u00f5es t\u00e9cnicas partilhadas pelos seus fornecedores e de fotografias que ilustram os produtos comercializados. Como tal, as imagens dos produtos apresentadas no site s\u00e3o meramente ilustrativas. A pgadgets.com recomenda que o cliente consulte a descri\u00e7\u00e3o detalhada do produto de modo a obter a informa\u00e7\u00e3o completa acerca das respetivas caracter\u00edsticas do mesmo, ou que entre em contacto com o Apoio ao Cliente.<\/p>\n\n\n\n<p>Tendo em conta que tamb\u00e9m s\u00e3o comercializados produtos usados podem existir diferen\u00e7as entre a imagem e o produto em si, devido ao uso e historial do mesmo, que \u00e9 singular em cada equipamento.<\/p>\n\n\n\n<p>S\u00e3o efetuados todos os esfor\u00e7os para que a informa\u00e7\u00e3o aqui apresentada se encontre isenta de erros tipogr\u00e1ficos e de imagem. Sempre que estes ocorram, a pgadgets.com proceder\u00e1 logo que poss\u00edvel \u00e0 respetiva corre\u00e7\u00e3o dos mesmos.<\/p>\n\n\n\n<h4 class=\"wp-block-heading\"><strong>2. Pol\u00edtica de Prote\u00e7\u00e3o de Dados<\/strong><\/h4>\n\n\n\n<p>A pgadgets.com est\u00e1 empenhada em respeitar a privacidade dos seus utilizadores, por esse motivo estrutur\u00e1mos o nosso site de modo a que seja poss\u00edvel navegar sem recurso \u00e0 introdu\u00e7\u00e3o dos dados pessoais. Quando for necess\u00e1rio recolher dados pessoais dos utilizadores para disponibilizar os nossos servi\u00e7os ou quando este decidir partilhar os seus dados por iniciativa pr\u00f3pria, a utiliza\u00e7\u00e3o dessa informa\u00e7\u00e3o ser\u00e1 realizada de acordo com a legisla\u00e7\u00e3o em vigor \u2013 Regulamento Geral de Prote\u00e7\u00e3o de Dados (RGPD). Os dados partilhados pelos utilizadores estar\u00e3o sujeitos a tratamento inform\u00e1tico e constatar\u00e3o na base de dados da pgadgets.com.<\/p>\n\n\n\n<p>Quando o utilizador optar por nos fornecer informa\u00e7\u00f5es relativas aos seus dados pessoais (quaisquer informa\u00e7\u00f5es atrav\u00e9s das quais possa ser identificado), pode estar seguro de que essas informa\u00e7\u00f5es s\u00f3 ser\u00e3o utilizadas para efeitos da sua rela\u00e7\u00e3o enquanto cliente da pgadgets.com.<\/p>\n\n\n\n<p>No planeamento deste site, adotamos medidas que consideramos ser as mais adequadas para assegurar a exatid\u00e3o, integridade e confidencialidade dos dados pessoais dos utilizadores, bem como todos os demais direitos que lhe assistem. Os nossos registos incluem dados que foram obtidos ao longo da rela\u00e7\u00e3o contratual que estabeleceu connosco e na sequ\u00eancia das diversas intera\u00e7\u00f5es realizadas com o nosso site.<\/p>\n\n\n\n<p>Os utilizadores devem garantir a veracidade, exatid\u00e3o, autenticidade e vig\u00eancia dos dados de car\u00e1cter pessoal que tenham fornecido \u00e0 pgadgets.com.<\/p>\n\n\n\n<p>Tipo de dados recolhidos atrav\u00e9s do nosso site: Nome Completo; N\u00famero de Identifica\u00e7\u00e3o Fiscal; g\u00e9nero; Data de Nascimento; Contacto Telef\u00f3nico, Morada Completa (de envio e\/ou de fatura\u00e7\u00e3o, caso estas sejam diferentes); Correio Eletr\u00f3nico; Nome da Empresa.<\/p>\n\n\n\n<p>Como utilizamos a informa\u00e7\u00e3o recolhida: A informa\u00e7\u00e3o recolhida tem como finalidade a resposta a pedidos feitos pelos utilizadores, nomeadamente registo no site; processamento de encomendas (abertura de ficha de cliente e fatura\u00e7\u00e3o dos produtos\/servi\u00e7os); subscri\u00e7\u00e3o volunt\u00e1ria do servi\u00e7o de email marketing; respostas a pedidos de informa\u00e7\u00e3o, sugest\u00e3o ou reclama\u00e7\u00e3o; e comunica\u00e7\u00e3o com os clientes.<\/p>\n\n\n\n<p>Com quem partilhamos os dados: A pgadgets.com assegura a confidencialidade dos dados pessoais fornecidos e s\u00f3 os transmite a terceiros com \u00fanica e exclusiva finalidade a realiza\u00e7\u00e3o do servi\u00e7o solicitado pelo utilizador, nomeadamente: envio de encomendas para a morada fornecida (transportadora); tratamento de garantias e\/ou devolu\u00e7\u00e3o de produtos (fornecedores); realiza\u00e7\u00e3o de contratos de servi\u00e7os adquiridos (operadoras); e a autoridades judiciais e fiscais para cumprimento de imposi\u00e7\u00f5es legais.<\/p>\n\n\n\n<p>Propriet\u00e1rio e Controlador de Dados: No \u00e2mbito e para efeitos dos servi\u00e7os e vendas que prestamos aos nossos utilizadores, a pgadgets.com (Historias e Personagens unip Lda) \u00e9 a entidade respons\u00e1vel pelo tratamento dos seus dados pessoais e por assegurar a prote\u00e7\u00e3o da sua privacidade, atuando em conformidade com a legisla\u00e7\u00e3o em vigor \u2013 Regulamento Geral de Prote\u00e7\u00e3o de Dados (RGPD).<\/p>\n\n\n\n<p>Per\u00edodo de Conserva\u00e7\u00e3o: A pgadgets.com conservar\u00e1 os dados recolhidos at\u00e9 requisi\u00e7\u00e3o de esquecimento dos mesmos, por parte do titular dos dados.<\/p>\n\n\n\n<p>Direito de aceder, alterar e remover os seus dados pessoais: Em qualquer momento, o utilizador tem o direito de aceder aos seus dados pessoais, bem como, dentro dos limites do contratualizado e do RGPD, de as alterar, opor-se ao respetivo tratamento, decidir sobre o tratamento autorizado dos mesmos, retirar o consentimento e exercer os demais direitos previstos na lei (salvo quando os dados s\u00e3o indispens\u00e1veis para a respetiva fatura\u00e7\u00e3o por parte da ireparacao.com e ao cumprimento das obriga\u00e7\u00f5es legais que a ireparacao.com est\u00e1 sujeita) Caso retire o seu consentimento, isto n\u00e3o compromete a licitude do tratamento efetuado at\u00e9 essa data. Tem o direito de ser notificado, nos termos previstos no Regulamento, caso ocorra uma viola\u00e7\u00e3o dos seus dados pessoais, podendo apresentar reclama\u00e7\u00f5es perante a(s) autoridade(s).<\/p>\n\n\n\n<p>Seguran\u00e7a: A pgadgets.com est\u00e1 empenhada em assegurar a seguran\u00e7a da informa\u00e7\u00e3o que o utilizador partilha connosco. Para impedir o acesso ou a publicidade n\u00e3o autorizados, bem como manter a precis\u00e3o dos dados e assegurar a correta utiliza\u00e7\u00e3o da informa\u00e7\u00e3o implement\u00e1mos procedimentos f\u00edsicos, eletr\u00f3nicos e de gest\u00e3o para proteger a informa\u00e7\u00e3o que recolhemos online. Utilizamos encripta\u00e7\u00e3o quando recolhemos ou transferimos dados sens\u00edveis.<\/p>\n\n\n\n<p>Contacto do Encarregado da Prote\u00e7\u00e3o de Dados: info@pgadgets.com<\/p>\n\n\n\n<h4 class=\"wp-block-heading\"><strong>3. Pol\u00edtica de Pre\u00e7os<\/strong><\/h4>\n\n\n\n<p>Os pre\u00e7os dos produtos e servi\u00e7os disponibilizados neste site s\u00e3o exclusivos para as aquisi\u00e7\u00f5es realizadas por esta via. Estes s\u00e3o apresentados em euros e com o valor do IVA inclu\u00eddo.<\/p>\n\n\n\n<p>No caso da ocorr\u00eancia de um erro inform\u00e1tico, manual, t\u00e9cnico ou de qualquer outra origem que cause uma altera\u00e7\u00e3o not\u00f3ria e n\u00e3o prevista pela ireparacao.com no pre\u00e7o de venda ao p\u00fablico, de tal modo que este se torne pouco acess\u00edvel ou manifestamente irris\u00f3rio, o pedido de compra ir\u00e1 ser considerado inv\u00e1lido e anulado.<\/p>\n\n\n\n<p>A pgadgets.com reserva-se ao direito de alterar os pre\u00e7os em qualquer momento. No entanto, a pgadgets.com compromete-se a aplicar as taxas e pre\u00e7os indicados no momento da realiza\u00e7\u00e3o do pedido de compra.<\/p>\n\n\n\n<h4 class=\"wp-block-heading\"><strong>4. M\u00e9todos de Pagamento<\/strong><\/h4>\n\n\n\n<p>A pgadgets.com disponibiliza 6 op\u00e7\u00f5es de Pagamento:<\/p>\n\n\n\n<p>\u2022 Refer\u00eancia Multibanco<\/p>\n\n\n\n<p>Os pagamentos por Refer\u00eancia Multibanco podem ser efetuados pelo Homebanking ou pela Rede de Caixas Multibanco. No final da sua encomenda, ser\u00e1 gerada a refer\u00eancia multibanco que ser\u00e1 enviada para o seu email. Para efetuar o pagamento tem de selecionar a op\u00e7\u00e3o \u201cPagamentos de Servi\u00e7os\/Compras\u201d e inserir a entidade, refer\u00eancia e valor correspondente que foram enviados por email.<\/p>\n\n\n\n<p>\u2022 Transfer\u00eancia Banc\u00e1ria<\/p>\n\n\n\n<p>Se escolher o pagamento por Transfer\u00eancia Banc\u00e1ria, poder\u00e1 consultar os dados para realizar a transfer\u00eancia no ato da encomenda ou no seu email. A sua encomenda ser\u00e1 enviada ap\u00f3s a confirma\u00e7\u00e3o do pagamento, que dependendo dos bancos pode demorar at\u00e9 dois dias \u00fateis.<\/p>\n\n\n\n<p>\u2022 Paypal<\/p>\n\n\n\n<p>O pagamento por <a href=\"https:\/\/paypal.pt\/\">Paypal<\/a> \u00e9 um m\u00e9todo seguro utilizado em todo o mundo. Ao selecionar este meio de pagamento, o utilizador ser\u00e1 redirecionado para a p\u00e1gina de Login do Paypal. O valor da compra ser\u00e1 debitado da conta Paypal, acrescido de 3% que corresponde \u00e0s taxas aplicadas por este meio de pagamento. A ireparacao.com n\u00e3o guarda os dados de acesso \u00e0 conta Paypal.&nbsp;<\/p>\n\n\n\n<p>\u2022 Mbway<\/p>\n\n\n\n<p>Com o Mbway poder\u00e1 pagar a sua encomenda atrav\u00e9s do seu n\u00famero de telem\u00f3vel, sem custos adicionais. Dever\u00e1 ter a aplica\u00e7\u00e3o ativa no seu telem\u00f3vel para poder efetuar o pagamento por esta via. Para obter mais informa\u00e7\u00f5es sobre este meio de pagamento, <a href=\"https:\/\/www.mbway.pt\/perguntas-frequentes\/\">clique aqui.<\/a><\/p>\n\n\n\n<p>\u2022 Payshop<\/p>\n\n\n\n<p>Para efetuar o pagamento da encomenda por Payshop, deve dirigir-se a um dos agentes Payshop (<a href=\"http:\/\/www.payshop.pt\/fepsapl\/app\/open\/showSearchAgent.jspx\">ver aqui<\/a>), indicar a refer\u00eancia que obteve com a encomenda e fazer o respetivo pagamento.<\/p>\n\n\n\n<p>\u2022 Pagamento \u00e0 Cobran\u00e7a<\/p>\n\n\n\n<p>Ao escolher a op\u00e7\u00e3o de Pagamento \u00e0 Cobran\u00e7a, o cliente apenas ter\u00e1 de efetuar o pagamento no ato de entrega da mesma. As encomendas efetuadas com esta op\u00e7\u00e3o, n\u00e3o poder\u00e3o exceder os 500\u20ac&nbsp; (ou 1000\u20ac no caso de ser Revendedor) e t\u00eam de ser pagas exclusivamente em numer\u00e1rio ao estafeta. Este m\u00e9todo apenas funciona para Portugal Continental e Espanha e tem uma taxa que acresce ao valor dos portes de 2,50\u20ac. A ireparacao.com reserva-se o direito de cancelar uma encomenda \u00e0 cobran\u00e7a ou de bloquear este m\u00e9todo de pagamento, caso o hist\u00f3rico do cliente apresente encomendas anteriores registadas com o mesmo m\u00e9todo de pagamento e n\u00e3o entregues por responsabilidade do cliente ou que n\u00e3o respeitem estas condi\u00e7\u00f5es acima. Pode consultar o valor dos portes no ponto n\u00ba5.<\/p>\n\n\n\n<h4 class=\"wp-block-heading\"><strong>5. Expedi\u00e7\u00e3o de Encomendas e Portes<\/strong><\/h4>\n\n\n\n<p>A data de entrega que pode ser consultada na p\u00e1gina de cada produto \u00e9 uma previs\u00e3o de envio para Portugal Continental, com base no normal funcionamento das entidades envolvidas na expedi\u00e7\u00e3o e entrega das encomendas.&nbsp; As encomendas apenas ser\u00e3o enviadas quando todos os produtos estiverem dispon\u00edveis.<\/p>\n\n\n\n<p>As encomendas s\u00e3o processadas em dias \u00fateis at\u00e9 \u00e0s 17 horas. Ap\u00f3s a confirma\u00e7\u00e3o do pagamento, as encomendas s\u00e3o enviadas para a morada indicada pelo cliente, qualquer lapso nos dados inseridos pelo cliente s\u00e3o da sua responsabilidade. As pr\u00e9-encomendas, ao contr\u00e1rio das encomendas normais e atr\u00e1s mencionadas, s\u00f3 ser\u00e3o processadas quando o produto estiver dispon\u00edvel por parte da marca, para distribui\u00e7\u00e3o oficial e para cliente final.<\/p>\n\n\n\n<p>Os custos de envio das encomendas ficam a cargo do cliente e acrescem ao total do valor dos produtos selecionados. O cliente ser\u00e1 informado destes encargos antes de confirmar o seu pedido e concluir o processo de compra, assim como da diferen\u00e7a de valor dependendo do meio de expedi\u00e7\u00e3o escolhido.<\/p>\n\n\n\n<p>Caso o cliente escolha o m\u00e9todo de expedi\u00e7\u00e3o com contra-reembolso acresce uma taxa 2,50\u20ac ao valor dos portes. O envio com pagamento contra-reembolso tem um limite de 500\u20ac para clientes e de 1000\u20ac para revendedores. Nem todos os produtos ou destinos permitem este m\u00e9todo de expedi\u00e7\u00e3o.<\/p>\n\n\n\n<p>M\u00e9todo de Expedi\u00e7\u00e3o: CTT Expresso<\/p>\n\n\n\n<figure class=\"wp-block-table\"><table><tbody><tr><td rowspan=\"2\">Destino<\/td><td colspan=\"8\">Peso Total da Encomenda<\/td><\/tr><tr><td>at\u00e9 2kg<\/td><td>de 2 at\u00e9 5kg<\/td><td>de 5 at\u00e9 10kg<\/td><td>de 10 a 20kg<\/td><td>de 20 a 30kg<\/td><td>de 30 a 40kg<\/td><td>de 40 a 50kg<\/td><td>de 50 a 60kg<\/td><\/tr><tr><td>Portugal Continental<\/td><td>4\u20ac<\/td><td>4\u20ac<\/td><td>5\u20ac<\/td><td>6\u20ac<\/td><td>7,5\u20ac<\/td><td>8,5\u20ac<\/td><td>10,5\u20ac<\/td><td>12,5\u20ac<\/td><\/tr><tr><td>Portugal &#8211; Ilhas<\/td><td>10\u20ac<\/td><td>12\u20ac<\/td><td>14,5\u20ac<\/td><td>23\u20ac<\/td><td>31,5\u20ac<\/td><td>42\u20ac<\/td><td>52\u20ac<\/td><td>62\u20ac<\/td><\/tr><\/tbody><\/table><\/figure>\n\n\n\n<p>M\u00e9todo de Expedi\u00e7\u00e3o: MRW<\/p>\n\n\n\n<figure class=\"wp-block-table\"><table><tbody><tr><td rowspan=\"2\">Destino<\/td><td colspan=\"6\">Peso Total da Encomenda<\/td><\/tr><tr><td>at\u00e9 10kg<\/td><td>de 10 a 20kg<\/td><td>de 20 a 30kg<\/td><td>de 30 a 40kg<\/td><td>de 40 a 60kg<\/td><td>de 60 a 80kg<\/td><\/tr><tr><td>Portugal Continental<\/td><td>4\u20ac<\/td><td>6\u20ac<\/td><td>7,5\u20ac<\/td><td>9,90\u20ac<\/td><td>24\u20ac<\/td><td>36\u20ac<\/td><\/tr><tr><td>Espanha<\/td><td>4\u20ac<\/td><td>6\u20ac<\/td><td>8\u20ac<\/td><td>9,90\u20ac<\/td><td>24,50\u20ac<\/td><td>36\u20ac<\/td><\/tr><\/tbody><\/table><\/figure>\n\n\n\n<p>M\u00e9todo de Expedi\u00e7\u00e3o: UPS<\/p>\n\n\n\n<figure class=\"wp-block-table\"><table><tbody><tr><td rowspan=\"2\">Destino<\/td><td colspan=\"10\">Peso Total da Encomenda<\/td><\/tr><tr><td>at\u00e9 1kg<\/td><td>de 1 a 5kg<\/td><td>de 5 at\u00e9 10kg<\/td><td>de 10 a 15kg<\/td><td>de 15 a 20kg<\/td><td>de 20 a 25kg<\/td><td>de 25 a 30kg<\/td><td>de 30 a 40kg<\/td><td>de 40 a 60kg<\/td><td>de 60 a 70kg<\/td><\/tr><tr><td>Portugal Continental<\/td><td>12\u20ac<\/td><td>13\u20ac<\/td><td>15\u20ac<\/td><td>16\u20ac<\/td><td>20\u20ac<\/td><td>22\u20ac<\/td><td>23\u20ac<\/td><td>28\u20ac<\/td><td>35\u20ac<\/td><td>42\u20ac<\/td><\/tr><tr><td>Espanha<\/td><td>11\u20ac<\/td><td>12\u20ac<\/td><td>16\u20ac<\/td><td>20\u20ac<\/td><td>25\u20ac<\/td><td>30\u20ac<\/td><td>36\u20ac<\/td><td>42\u20ac<\/td><td>48\u20ac<\/td><td>55\u20ac<\/td><\/tr><tr><td>Espanha &#8211; Ilhas Baleares&nbsp;B\u00e9lgica\u00c1ustria&nbsp;AlemanhaPa\u00edses Baixos&nbsp;M\u00f3nacoLuxemburgoPa\u00eds de GalesFran\u00e7aEsc\u00f3ciaIt\u00e1lia<\/td><td>13\u20ac<\/td><td>14\u20ac<\/td><td>18\u20ac<\/td><td>21\u20ac<\/td><td>26\u20ac<\/td><td>32\u20ac<\/td><td>38\u20ac<\/td><td>46\u20ac<\/td><td>55\u20ac<\/td><td>66\u20ac<\/td><\/tr><tr><td>Irlanda&nbsp;Gr\u00e9ciaFinl\u00e2ndiaSu\u00e9ciaDinamarca<\/td><td>16\u20ac<\/td><td>17\u20ac<\/td><td>20\u20ac<\/td><td>24\u20ac<\/td><td>29\u20ac<\/td><td>35\u20ac<\/td><td>41\u20ac<\/td><td>51\u20ac<\/td><td>64\u20ac<\/td><td>80\u20ac<\/td><\/tr><tr><td>Liechtenstein<\/td><td>16\u20ac<\/td><td>17\u20ac<\/td><td>21\u20ac<\/td><td>25\u20ac<\/td><td>31\u20ac<\/td><td>37\u20ac<\/td><td>43\u20ac<\/td><td>55\u20ac<\/td><td>69\u20ac<\/td><td>86\u20ac<\/td><\/tr><tr><td>Pol\u00f3nia&nbsp;Rep\u00fablica ChecaRom\u00e9nia&nbsp;Litu\u00e2niaBulg\u00e1ria&nbsp;Cro\u00e1ciaEslov\u00e9nia&nbsp;Est\u00f3niaHungria&nbsp;Let\u00f3nia<\/td><td>24\u20ac<\/td><td>40\u20ac<\/td><td>55\u20ac<\/td><td>74\u20ac<\/td><td>78\u20ac<\/td><td>81\u20ac<\/td><td>84\u20ac<\/td><td>102\u20ac<\/td><td>107\u20ac<\/td><td>110\u20ac<\/td><\/tr><\/tbody><\/table><\/figure>\n\n\n\n<p>Os prazos de entrega poder\u00e3o sofrer altera\u00e7\u00f5es devido a ruturas de stock, \u00e9pocas festivas ou outras condicionantes externas \u00e0 pgadgets.com, tais como atrasos por parte dos servi\u00e7os de entregas, na medida em que s\u00e3o uma empresa externa \u00e0 ireparacao.com.&nbsp;<\/p>\n\n\n\n<p>No caso das encomendas de eletrodom\u00e9sticos de grande porte\/dimens\u00f5es (por exemplo frigor\u00edficos, fog\u00f5es, m\u00e1quinas de lavar, entre outros eletrodom\u00e9sticos), o servi\u00e7o de entrega n\u00e3o contempla a instala\u00e7\u00e3o e\/ou recolha do equipamento antigo e a entrega do eletrodom\u00e9stico novo \u00e9 feita apenas ao n\u00edvel do solo, ou seja, no caso de entrega em locais cujo acesso \u00e9 feito via escadas\/elevador, o eletrodom\u00e9stico \u00e9 deixado \u00e0 porta do edif\u00edcio (pr\u00e9dio, centro comercial, etc).<\/p>\n\n\n\n<p>Para sua comodidade, ao receber a sua encomenda pgadgets.com, escreva aquando da assinatura de rece\u00e7\u00e3o no comprovativo de entrega &#8220;Sujeito a verifica\u00e7\u00e3o de Mercadoria&#8221; e identifique, por escrito e com fotografia, todos os danos que a embalagem possa conter. S\u00f3 desta forma nos poderemos responsabilizar pelos danos ocorridos no processo de entrega da sua encomenda.<\/p>\n\n\n\n<h4 class=\"wp-block-heading\"><strong>6. Avarias e Garantias<\/strong><\/h4>\n\n\n\n<p>Todos os produtos comercializados pela ireparacao.com n\u00e3o s\u00e3o fabricados pela mesma. No momento da venda, a pgadgets.com passa para o utilizador a garantia desse(s) mesmo(s) produto(s).<\/p>\n\n\n\n<p>1. Equipamentos dentro de Garantia<\/p>\n\n\n\n<p>Nos termos do disposto no Decreto-Lei n.\u00ba 67\/2003, de 8 de Abril, com altera\u00e7\u00f5es introduzidas pelo Decreto-Lei n.\u00ba 84\/2008, de 21 de Maio, todos os produtos vendidos em estado de novo ser\u00e3o sujeitos a uma garantia de conformidade de 3 anos, assegurada pelas respetivas marcas. No caso de produto com defeito, deve comunicar o mesmo \u00e0 pgadgets.com, que se encarregar\u00e1 da gest\u00e3o deste processo. Havendo acordo por parte da ireparacao.com e do cliente, todos os produtos vendidos em estado de usado t\u00eam uma garantia de 12 meses. Produtos consum\u00edveis, cuja utiliza\u00e7\u00e3o regular importa a sua destrui\u00e7\u00e3o ou aliena\u00e7\u00e3o, devido \u00e0 sua espec\u00edfica natureza poder\u00e3o, dependendo do fabricante, ter um prazo de garantia de bom funcionamento inferior a 2 anos.<\/p>\n\n\n\n<p>1.1 Garantia do Servi\u00e7o de Repara\u00e7\u00e3o<\/p>\n\n\n\n<p>A garantia do servi\u00e7o de repara\u00e7\u00e3o da pgadgets.com \u00e9 de 90 dias, a contar da data de finaliza\u00e7\u00e3o da presta\u00e7\u00e3o de servi\u00e7o. Esta garantia limitada n\u00e3o afeta os direitos legais estabelecidos na legisla\u00e7\u00e3o nacional, sobre os componentes novos utilizados na repara\u00e7\u00e3o. A garantia das repara\u00e7\u00f5es n\u00e3o contempla as seguintes condi\u00e7\u00f5es:<\/p>\n\n\n\n<p>&gt; Danos f\u00edsicos (equipamento partido\/danificado\/corro\u00eddo\/empenado, etc.);<\/p>\n\n\n\n<p>&gt; Uso indevido, danos causados por quedas, neglig\u00eancia, fogo, \u00e1gua, perturba\u00e7\u00f5es el\u00e9tricas, atmosf\u00e9ricas, etc;<\/p>\n\n\n\n<p>&gt; Danos causados por transporte efetuado pelo Cliente ou terceiros em sua representa\u00e7\u00e3o;<\/p>\n\n\n\n<p>&gt; Utiliza\u00e7\u00e3o de op\u00e7\u00f5es ou consum\u00edveis n\u00e3o apropriados ao equipamento em quest\u00e3o;<\/p>\n\n\n\n<p>&gt; Durante este per\u00edodo o equipamento tiver sofrido interven\u00e7\u00e3o t\u00e9cnica, com m\u00e3o-de-obra e pe\u00e7as alheias aos servi\u00e7os da pgadgets.com;<\/p>\n\n\n\n<p>&gt; A repara\u00e7\u00e3o anterior tiver sido efetuada sob pedido e responsabilidade do cliente.<\/p>\n\n\n\n<p>&nbsp;&nbsp;1.2 Avarias<\/p>\n\n\n\n<p>Caso o produto adquirido apresente defeito ou avaria, o cliente dever\u00e1 comunicar a situa\u00e7\u00e3o ao Apoio ao Cliente da pgadgets.com, informando o n\u00famero da sua encomenda e a descri\u00e7\u00e3o do mau funcionamento. Ap\u00f3s a rece\u00e7\u00e3o do artigo, nas instala\u00e7\u00f5es da pgadgets.com, este ser\u00e1 enviado para o representante da marca e, em caso de aus\u00eancia de qualquer inconformidade, o artigo ser\u00e1 substitu\u00eddo ou reparado. Neste caso, a pgadgets.com proceder\u00e1 \u00e0 entrega do artigo ao cliente, pelo mesmo meio que foi entregue para repara\u00e7\u00e3o. Se a verifica\u00e7\u00e3o t\u00e9cnica detetar sinais de mau uso, e\/ou qualquer problema que possa ter causado o mau funcionamento do artigo (por ex: queda, humidade, etc.) o cliente ser\u00e1 contactado para indicar se pretende que se proceda \u00e0 repara\u00e7\u00e3o do equipamento. Nesse caso a pgadgets.com fornecer\u00e1 um or\u00e7amento gratuito.<\/p>\n\n\n\n<p>2. Equipamentos fora de Garantia<\/p>\n\n\n\n<p>Mesmo que o seu equipamento esteja fora do prazo de garantia de conformidade, a pgadgets.com disponibiliza um servi\u00e7o de repara\u00e7\u00e3o em condi\u00e7\u00f5es a acordar, pelo que dever\u00e1 dirigir-se a uma das nossas lojas. Caso o cliente pretenda a repara\u00e7\u00e3o de um equipamento fora de garantia dever\u00e1 contactar o Centro T\u00e9cnico da ireparacao.com indicando o equipamento em quest\u00e3o e a sua avaria. A pgadgets.com informar\u00e1 o cliente sobre a morada na qual ter\u00e1 que entregar o equipamento. No caso desta op\u00e7\u00e3o n\u00e3o ser poss\u00edvel, o cliente poder\u00e1 enviar o produto por correio registado para a morada indicada, ao cuidado do Centro T\u00e9cnico da pgadgets.com. Aquando a rece\u00e7\u00e3o do equipamento do cliente, os t\u00e9cnicos da ireparacao.com proceder\u00e3o \u00e0 an\u00e1lise do mesmo verificando a avaria descrita pelo cliente. Ap\u00f3s essa an\u00e1lise, o cliente ser\u00e1 contactado pela nossa equipa para ser informado sobre o or\u00e7amento para a repara\u00e7\u00e3o do equipamento. A repara\u00e7\u00e3o s\u00f3 ser\u00e1 iniciada ap\u00f3s aceita\u00e7\u00e3o expressa do or\u00e7amento por parte do Cliente.\u00a0<\/p>\n\n\n\n<p>3. Garantia Direta com o fabricante<\/p>\n\n\n\n<p>Algumas marcas disponibilizam garantia\/suporte direto ao Cliente. Nestes casos pode entrar em contacto diretamente com a marca para tratar da garantia do equipamento.<\/p>\n\n\n\n<p>Samsung: 808 207 267<\/p>\n\n\n\n<p>Apple: 800 207 983<\/p>\n\n\n\n<p>Huawei: 800 100 066<\/p>\n\n\n\n<p><\/p>\n","protected":false},"excerpt":{"rendered":"<p>A HISTORIAS E PERSONAGENS UNIP, LDA, adiante designada por ireparacao.com, sedeada em Av Miguel Bombarda 40B, pessoa coletiva n.\u00ba 514933739, respons\u00e1vel por este site (www.pgadgets.com) descreve nesta p\u00e1gina os termos e condi\u00e7\u00f5es de utiliza\u00e7\u00e3o e a informa\u00e7\u00e3o pr\u00e9-contratual relativa aos contratos celebrados \u00e0 dist\u00e2ncia neste site (www.pgadgets.com), a que alude o artigo 4.\u00ba do Decreto-Lei [&hellip;]<\/p>\n","protected":false},"author":1,"featured_media":0,"parent":0,"menu_order":0,"comment_status":"closed","ping_status":"open","template":"","meta":{"footnotes":""},"class_list":["post-3","page","type-page","status-publish","hentry"],"jetpack_sharing_enabled":true,"_links":{"self":[{"href":"https:\/\/pgadgets.com\/index.php\/wp-json\/wp\/v2\/pages\/3","targetHints":{"allow":["GET"]}}],"collection":[{"href":"https:\/\/pgadgets.com\/index.php\/wp-json\/wp\/v2\/pages"}],"about":[{"href":"https:\/\/pgadgets.com\/index.php\/wp-json\/wp\/v2\/types\/page"}],"author":[{"embeddable":true,"href":"https:\/\/pgadgets.com\/index.php\/wp-json\/wp\/v2\/users\/1"}],"replies":[{"embeddable":true,"href":"https:\/\/pgadgets.com\/index.php\/wp-json\/wp\/v2\/comments?post=3"}],"version-history":[{"count":2,"href":"https:\/\/pgadgets.com\/index.php\/wp-json\/wp\/v2\/pages\/3\/revisions"}],"predecessor-version":[{"id":726,"href":"https:\/\/pgadgets.com\/index.php\/wp-json\/wp\/v2\/pages\/3\/revisions\/726"}],"wp:attachment":[{"href":"https:\/\/pgadgets.com\/index.php\/wp-json\/wp\/v2\/media?parent=3"}],"curies":[{"name":"wp","href":"https:\/\/api.w.org\/{rel}","templated":true}]}}