{"id":440,"date":"2024-03-30T12:22:57","date_gmt":"2024-03-30T12:22:57","guid":{"rendered":"https:\/\/pgadgets.com\/index.php\/conta-da-assinatura\/informacoes-de-faturacao\/"},"modified":"2024-03-30T12:22:57","modified_gmt":"2024-03-30T12:22:57","slug":"informacoes-de-faturacao","status":"publish","type":"page","link":"https:\/\/pgadgets.com\/index.php\/conta-da-assinatura\/informacoes-de-faturacao\/","title":{"rendered":"Informa\u00e7\u00f5es de Fatura\u00e7\u00e3o"},"content":{"rendered":"<p>[pmpro_billing]<\/p>\n","protected":false},"excerpt":{"rendered":"<p>[pmpro_billing]<\/p>\n","protected":false},"author":1,"featured_media":0,"parent":439,"menu_order":0,"comment_status":"closed","ping_status":"closed","template":"","meta":{"footnotes":""},"class_list":["post-440","page","type-page","status-publish","hentry"],"jetpack_sharing_enabled":true,"_links":{"self":[{"href":"https:\/\/pgadgets.com\/index.php\/wp-json\/wp\/v2\/pages\/440","targetHints":{"allow":["GET"]}}],"collection":[{"href":"https:\/\/pgadgets.com\/index.php\/wp-json\/wp\/v2\/pages"}],"about":[{"href":"https:\/\/pgadgets.com\/index.php\/wp-json\/wp\/v2\/types\/page"}],"author":[{"embeddable":true,"href":"https:\/\/pgadgets.com\/index.php\/wp-json\/wp\/v2\/users\/1"}],"replies":[{"embeddable":true,"href":"https:\/\/pgadgets.com\/index.php\/wp-json\/wp\/v2\/comments?post=440"}],"version-history":[{"count":0,"href":"https:\/\/pgadgets.com\/index.php\/wp-json\/wp\/v2\/pages\/440\/revisions"}],"up":[{"embeddable":true,"href":"https:\/\/pgadgets.com\/index.php\/wp-json\/wp\/v2\/pages\/439"}],"wp:attachment":[{"href":"https:\/\/pgadgets.com\/index.php\/wp-json\/wp\/v2\/media?parent=440"}],"curies":[{"name":"wp","href":"https:\/\/api.w.org\/{rel}","templated":true}]}}